{"id":37,"date":"2017-10-02T19:27:59","date_gmt":"2017-10-02T17:27:59","guid":{"rendered":"https:\/\/libmod.de\/?page_id=37"},"modified":"2021-02-08T17:49:53","modified_gmt":"2021-02-08T16:49:53","slug":"spenden","status":"publish","type":"page","link":"https:\/\/russlandverstehen.eu\/de\/spenden\/","title":{"rendered":"Spenden!"},"content":{"rendered":"<div class=\"wpb-content-wrapper\"><p>[vc_\u200brow css=\u201c.vc_custom_1508251598805{margin-top: 30px !important;}\u201c][vc_column width=\u201e2\/3\u201c css=\u201c.vc_custom_1508252250311{padding-right: 20px !important;}\u201c][vc_column_text]<img class=\"alignnone wp-image-24689 size-full\" src=\"https:\/\/libmod.de\/wp-content\/uploads\/Header_Spenden.jpg\" alt width=\"1200\" height=\"500\" srcset=\"https:\/\/russlandverstehen.eu\/wp-content\/uploads\/Header_Spenden.jpg 1200w, https:\/\/russlandverstehen.eu\/wp-content\/uploads\/Header_Spenden-300x125.jpg 300w, https:\/\/russlandverstehen.eu\/wp-content\/uploads\/Header_Spenden-768x320.jpg 768w\" sizes=\"(max-width: 1200px) 100vw, 1200px\">[\/vc_column_text][vc_column_text]<\/p>\n<h3>F\u00fcr unsere Arbeit sind wir auf Spenden ange\u00adwie\u00adsen. Wenn Sie unser Enga\u00adge\u00adment f\u00fcr die libe\u00adrale Moderne unter\u00adst\u00fct\u00adzen m\u00f6chten, w\u00fcrden wir uns \u00fcber eine Spende&nbsp;freuen.<\/h3>\n<h2><!--more-->Spenden mit&nbsp;Bankeinzug<\/h2>\n<p>[\/vc_column_text][vc_column_text]<script type=\"text\/javascript\">\n\t(function() {\n\t\tvar u=\"https:\/\/spenden.twingle.de\/embed\/genericorganisation\/genericproject\/tw5aeafe12eb6cb\/widget\";\n\t\tvar id = '_' + Math.random().toString(36).substr(2, 9);\n\t\tvar d=document, g=d.createElement('script'), s=d.getElementsByTagName('script')[0];\n\t\tdocument.write('<div id=\"twingle-public-embed-' + id + '\"><\/div>');\n\t\tg.type='text\/javascript'; g.async=true; g.defer=true; g.src=u+'\/'+id; s.parentNode.insertBefore(g,s);\n\t})();\n<\/script>[\/vc_column_text][vc_column_text]<\/p>\n<h2>Spenden mit&nbsp;PayPal<\/h2>\n<p><input title=\"PayPal - The safer, easier way to pay online!\" alt=\"Donate with PayPal button\" name=\"submit\" src=\"https:\/\/www.paypalobjects.com\/en_US\/i\/btn\/btn_donate_LG.gif\" type=\"image\"><\/p>\n<hr>\n<p>Wir sind als gemein\u00adn\u00fct\u00adzig aner\u00adkannt, ent\u00adspre\u00adchend sind Spenden steu\u00ader\u00adlich absetz\u00adbar. F\u00fcr eine Spen\u00adden\u00adbe\u00adschei\u00adni\u00adgung (n\u00f6tig bei einem Betrag \u00fcber 200 EUR), senden Sie Ihre Adress\u00adda\u00adten bitte an <a href=\"mailto:finanzen@libmod.de\">finanzen@libmod.de<\/a><\/p>\n<h2>Unsere Bank\u00adver\u00adbin\u00addung:<\/h2>\n<p>F\u00f6r\u00adder\u00adge\u00adsell\u00adschaft Zentrum Libe\u00adrale&nbsp;Moderne<br>\nIBAN: DE93 1204 0000 0071 9435&nbsp;00<br>\nBIC: COBADEFFXXX<\/p>\n<p>&nbsp;<\/p>\n<hr>\n<p>M\u00f6chten Sie uns&nbsp;schreiben?<\/p>\n\n<div class=\"wpcf7 no-js\" id=\"wpcf7-f74-o1\" lang=\"de-DE\" dir=\"ltr\" data-wpcf7-id=\"74\">\n<div class=\"screen-reader-response\"><p role=\"status\" aria-live=\"polite\" aria-atomic=\"true\"><\/p> <ul><\/ul><\/div>\n<form action=\"\/de\/wp-json\/wp\/v2\/pages\/37#wpcf7-f74-o1\" method=\"post\" class=\"wpcf7-form init\" aria-label=\"Kontaktformular\" novalidate=\"novalidate\" data-status=\"init\">\n<fieldset class=\"hidden-fields-container\"><input type=\"hidden\" name=\"_wpcf7\" value=\"74\"><input type=\"hidden\" name=\"_wpcf7_version\" value=\"6.1.5\"><input type=\"hidden\" name=\"_wpcf7_locale\" value=\"de_DE\"><input type=\"hidden\" name=\"_wpcf7_unit_tag\" value=\"wpcf7-f74-o1\"><input type=\"hidden\" name=\"_wpcf7_container_post\" value=\"0\"><input type=\"hidden\" name=\"_wpcf7_posted_data_hash\" value>\n<\/fieldset>\n<label> Ihr Name \/\u200b Your name *\n    <span class=\"wpcf7-form-control-wrap\" data-name=\"your-name\"><input size=\"40\" maxlength=\"400\" class=\"wpcf7-form-control wpcf7-text wpcf7-validates-as-required\" aria-required=\"true\" aria-invalid=\"false\" value type=\"text\" name=\"your-name\"><\/span> <\/label>\n\n<label> E\u2011Mail-Adresse \/\u200b Your email *\n    <span class=\"wpcf7-form-control-wrap\" data-name=\"your-email\"><input size=\"40\" maxlength=\"400\" class=\"wpcf7-form-control wpcf7-email wpcf7-validates-as-required wpcf7-text wpcf7-validates-as-email\" aria-required=\"true\" aria-invalid=\"false\" value type=\"email\" name=\"your-email\"><\/span> <\/label>\n\n<label> Betreff \/\u200b Subject\n    <span class=\"wpcf7-form-control-wrap\" data-name=\"your-subject\"><input size=\"40\" maxlength=\"400\" class=\"wpcf7-form-control wpcf7-text\" aria-invalid=\"false\" value type=\"text\" name=\"your-subject\"><\/span> <\/label>\n\n<label> Ihre Nach\u00adricht \/\u200b Your&nbsp;message&nbsp;<span class=\"wpcf7-form-control-wrap\" data-name=\"your-message\"><textarea cols=\"40\" rows=\"10\" maxlength=\"2000\" class=\"wpcf7-form-control wpcf7-textarea\" aria-invalid=\"false\" name=\"your-message\"><\/textarea><\/span> <\/label>\n\n<span class=\"wpcf7-form-control-wrap\" data-name=\"DatenschutzOK\"><span class=\"wpcf7-form-control wpcf7-acceptance\"><span class=\"wpcf7-list-item\"><input type=\"checkbox\" name=\"DatenschutzOK\" value=\"1\" aria-invalid=\"false\"><\/span><\/span><\/span> Mit den Bestim\u00admun\u00adgen der <a href=\"https:\/\/russlandverstehen.eu\/datenschutzerklaerung\/\" target=\"_blank\" rel=\"noopener\">Daten\u00adschutz\u00ader\u00adkl\u00e4\u00adrung<\/a> bin ich ein\u00adver\u00adstan\u00adden. (Bitte ankli\u00adcken)\nI&nbsp;agree with the con\u00addi\u00adti\u00adons in the <a href=\"https:\/\/russlandverstehen.eu\/en\/data-policy-german\/\" target=\"_blank\" rel=\"noopener\">privacy policy<\/a>. (Please check)\n\n<span class=\"wpcf7-form-control-wrap\" data-name=\"quiz-502\"><label><span class=\"wpcf7-quiz-label\">Bitte feh\u00adlende Buch\u00adsta\u00adben ein\u00adge\u00adben: Njet auf deutsch = ne _\u200b&nbsp;_\u200b<\/span> <input size=\"40\" class=\"wpcf7-form-control wpcf7-quiz\" autocomplete=\"off\" aria-required=\"true\" aria-invalid=\"false\" type=\"text\" name=\"quiz-502\"><\/label><input type=\"hidden\" name=\"_wpcf7_quiz_answer_quiz-502\" value=\"220eddd0ea36c0d6c528be968b4745b9\"><\/span>\n\n<input class=\"wpcf7-form-control wpcf7-submit has-spinner\" type=\"submit\" value=\"Abschicken \/ Submit\"><div class=\"wpcf7-response-output\" aria-hidden=\"true\"><\/div>\n<\/form>\n<\/div>\n\n<p><img class=\"alignnone wp-image-23921 size-full\" src=\"https:\/\/russlandverstehen.eu\/wp-content\/uploads\/textende.png\" alt=\"Textende\" width=\"40\" height=\"120\">[\/vc_column_text][\/vc_column][vc_column width=\u201e1\/3\u201c el_class=\u201edimmer\u201c][vc_row_inner css=\u201c.vc_custom_1526743317487{margin-right: 0px !important;margin-left: 0px !important;background-color: #03d0b6 !important;}\u201c][vc_column_inner][vc_column_text css=\u201c.vc_custom_1508167210959{margin-top: \u201115px !important;}\u201c]<\/p>\n<h2><span style=\"color: #ffffff;\">News\u00adlet\u00adter&nbsp;bestellen<\/span><\/h2>\n<p>[\/vc_column_text][vc_column_text css=\u201c.vc_custom_1508166779270{margin-top: \u201110px !important;}\u201c]Mit dem LibMod-News\u00adlet\u00adter erhal\u00adten Sie regel\u00adm\u00e4\u00ad\u00dfig Neu\u00adig\u00adkei\u00adten zu unseren Themen in Ihr&nbsp;Postfach.<\/p>\n<p><script>(function() {\n\twindow.mc4wp = window.mc4wp || {\n\t\tlisteners: [],\n\t\tforms: {\n\t\t\ton: function(evt, cb) {\n\t\t\t\twindow.mc4wp.listeners.push(\n\t\t\t\t\t{\n\t\t\t\t\t\tevent   : evt,\n\t\t\t\t\t\tcallback: cb\n\t\t\t\t\t}\n\t\t\t\t);\n\t\t\t}\n\t\t}\n\t}\n})();\n<\/script><!-- Mailchimp for WordPress v4.12.2 - https:\/\/wordpress.org\/plugins\/mailchimp-for-wp\/ --><\/p><form id=\"mc4wp-form-1\" class=\"mc4wp-form mc4wp-form-24179 mc4wp-form-theme mc4wp-form-theme-light\" method=\"post\" data-id=\"24179\" data-name=\"LibMod Newsletter\"><div class=\"mc4wp-form-fields\"><p>\n    <label>Anrede<\/label>\n    <select name=\"ANREDE\" required>\n        <option value=\"Frau\" selected=\"true\">Frau<\/option>\n        <option value=\"Herr\">Herr<\/option>\n        <option value=\"X\">X<\/option>\n    <\/select>\n<\/p>\n<p>\n    <label>Insti\u00adtu\u00adtion<\/label>\n    <input name=\"MMERGE3\" type=\"text\">\n<\/p>\n<p>\n    <label>Nach\u00adname<\/label>\n    <input name=\"MMERGE2\" required type=\"text\">\n<\/p>\n<p>\n    <label>Vorname<\/label>\n    <input name=\"MMERGE1\" required type=\"text\">\n<\/p>\n<p>\n    <label>Kate\u00adgo\u00adrie<\/label>\n    <select name=\"KATEGORIE\" required>\n        <option value=\"Newsletter\" selected=\"true\">Newsletter<\/option>\n    <\/select>\n<\/p>\n<p><input type=\"email\" name=\"EMAIL\" placeholder=\"Ihre Mail-Addresse\" required>\n<\/p><p>Mit unseren <span style=\"color: #000000;\"><a style=\"color: #000000;\" href=\"https:\/\/libmod.de\/datenschutzerklaerung\/\" target=\"_blank\" rel=\"noopener\">Daten\u00adschutz\u00adbe\u00adstim\u00admun\u00adgen<\/a><\/span> erkl\u00e4\u00adren Sie sich einverstanden.<br>\n<input type=\"submit\" value=\"Absenden\"><\/p><\/div><label style=\"display: none !important;\">Wenn du ein Mensch bist, lasse das Feld&nbsp;leer:&nbsp;<input type=\"text\" name=\"_mc4wp_honeypot\" value tabindex=\"-1\" autocomplete=\"off\"><\/label><input type=\"hidden\" name=\"_mc4wp_timestamp\" value=\"1777515549\"><input type=\"hidden\" name=\"_mc4wp_form_id\" value=\"24179\"><input type=\"hidden\" name=\"_mc4wp_form_element_id\" value=\"mc4wp-form-1\"><div class=\"mc4wp-response\"><\/div><\/form><!-- \/ Mailchimp for WordPress Plugin -->[\/vc_column_text][\/vc_column_inner][\/vc_row_inner][\/vc_column][\/vc_row][vc_column width=\u201e2\/3\u201c][\/vc_column]\n<\/div>","protected":false},"excerpt":{"rendered":"<p>[vc_\u200b\u200brow css=\u201c.vc_custom_1508251598805{margin-top: 30px !important;}\u201c][vc_column width=\u201e2\/3\u201c css=\u201c.vc_custom_1508252250311{padding-right: 20px !important;}\u201c][vc_column_text][\/vc_column_text][vc_column_text] F\u00fcr unsere Arbeit sind wir auf Spenden ange\u00adwie\u00adsen. Wenn Sie unser Enga\u00adge\u00adment f\u00fcr die libe\u00adrale Moderne unter\u00adst\u00fct\u00adzen m\u00f6chten, w\u00fcrden wir uns&nbsp;\u00fcber...<\/p>\n","protected":false},"author":185,"featured_media":24697,"parent":0,"menu_order":5,"comment_status":"closed","ping_status":"closed","template":"","meta":{"_acf_changed":false,"wp_typography_post_enhancements_disabled":false,"footnotes":""},"class_list":["post-37","page","type-page","status-publish","has-post-thumbnail"],"acf":[],"yoast_head":"<!-- This site is optimized with the Yoast SEO Premium plugin v25.0 (Yoast SEO v27.5) - https:\/\/yoast.com\/product\/yoast-seo-premium-wordpress\/ -->\n<title>Spenden! - Russland verstehen<\/title>\n<meta name=\"robots\" content=\"index, follow, max-snippet:-1, max-image-preview:large, max-video-preview:-1\" \/>\n<link rel=\"canonical\" href=\"https:\/\/russlandverstehen.eu\/de\/spenden\/\" \/>\n<meta property=\"og:locale\" content=\"de_DE\" \/>\n<meta property=\"og:type\" content=\"article\" \/>\n<meta property=\"og:title\" content=\"Spenden!\" \/>\n<meta property=\"og:description\" content=\"[vc_\u200brow css=\u201c.vc_custom_1508251598805{margin-top: 30px !important;}\u201c][vc_column width=\u201e2\/3\u201c css=\u201c.vc_custom_1508252250311{padding-right: 20px !important;}\u201c][vc_column_text][\/vc_column_text][vc_column_text] F\u00fcr unsere Arbeit sind wir auf Spenden ange\u00adwie\u00adsen. Wenn Sie unser Enga\u00adge\u00adment f\u00fcr die libe\u00adrale Moderne unter\u00adst\u00fct\u00adzen m\u00f6chten, w\u00fcrden wir uns \u00fcber...\" \/>\n<meta property=\"og:url\" content=\"https:\/\/russlandverstehen.eu\/de\/spenden\/\" \/>\n<meta property=\"og:site_name\" content=\"Russland verstehen\" \/>\n<meta property=\"article:publisher\" content=\"https:\/\/www.facebook.com\/LiberaleModerne\/\" \/>\n<meta property=\"article:modified_time\" content=\"2021-02-08T16:49:53+00:00\" \/>\n<meta property=\"og:image\" content=\"https:\/\/russlandverstehen.eu\/wp-content\/uploads\/Spenden.jpg\" \/>\n\t<meta property=\"og:image:width\" content=\"1200\" \/>\n\t<meta property=\"og:image:height\" content=\"800\" \/>\n\t<meta property=\"og:image:type\" content=\"image\/jpeg\" \/>\n<meta name=\"twitter:card\" content=\"summary_large_image\" \/>\n<meta name=\"twitter:site\" content=\"@liberalemoderne\" \/>\n<meta name=\"twitter:label1\" content=\"Gesch\u00e4tzte Lesezeit\" \/>\n\t<meta name=\"twitter:data1\" content=\"1\u00a0Minute\" \/>\n<script type=\"application\/ld+json\" class=\"yoast-schema-graph\">{\"@context\":\"https:\\\/\\\/schema.org\",\"@graph\":[{\"@type\":\"WebPage\",\"@id\":\"https:\\\/\\\/russlandverstehen.eu\\\/de\\\/spenden\\\/\",\"url\":\"https:\\\/\\\/russlandverstehen.eu\\\/de\\\/spenden\\\/\",\"name\":\"Spenden! - Russland verstehen\",\"isPartOf\":{\"@id\":\"\\\/#website\"},\"primaryImageOfPage\":{\"@id\":\"https:\\\/\\\/russlandverstehen.eu\\\/de\\\/spenden\\\/#primaryimage\"},\"image\":{\"@id\":\"https:\\\/\\\/russlandverstehen.eu\\\/de\\\/spenden\\\/#primaryimage\"},\"thumbnailUrl\":\"https:\\\/\\\/russlandverstehen.eu\\\/wp-content\\\/uploads\\\/Spenden.jpg\",\"datePublished\":\"2017-10-02T17:27:59+00:00\",\"dateModified\":\"2021-02-08T16:49:53+00:00\",\"breadcrumb\":{\"@id\":\"https:\\\/\\\/russlandverstehen.eu\\\/de\\\/spenden\\\/#breadcrumb\"},\"inLanguage\":\"de\",\"potentialAction\":[{\"@type\":\"ReadAction\",\"target\":[\"https:\\\/\\\/russlandverstehen.eu\\\/de\\\/spenden\\\/\"]}]},{\"@type\":\"ImageObject\",\"inLanguage\":\"de\",\"@id\":\"https:\\\/\\\/russlandverstehen.eu\\\/de\\\/spenden\\\/#primaryimage\",\"url\":\"https:\\\/\\\/russlandverstehen.eu\\\/wp-content\\\/uploads\\\/Spenden.jpg\",\"contentUrl\":\"https:\\\/\\\/russlandverstehen.eu\\\/wp-content\\\/uploads\\\/Spenden.jpg\",\"width\":1200,\"height\":800},{\"@type\":\"BreadcrumbList\",\"@id\":\"https:\\\/\\\/russlandverstehen.eu\\\/de\\\/spenden\\\/#breadcrumb\",\"itemListElement\":[{\"@type\":\"ListItem\",\"position\":1,\"name\":\"Startseite\",\"item\":\"https:\\\/\\\/russlandverstehen.eu\\\/de\\\/\"},{\"@type\":\"ListItem\",\"position\":2,\"name\":\"Spenden!\"}]},{\"@type\":\"WebSite\",\"@id\":\"\\\/#website\",\"url\":\"\\\/\",\"name\":\"Russland verstehen\",\"description\":\"Zentrum Liberale Moderne\",\"publisher\":{\"@id\":\"\\\/#organization\"},\"potentialAction\":[{\"@type\":\"SearchAction\",\"target\":{\"@type\":\"EntryPoint\",\"urlTemplate\":\"\\\/?s={search_term_string}\"},\"query-input\":{\"@type\":\"PropertyValueSpecification\",\"valueRequired\":true,\"valueName\":\"search_term_string\"}}],\"inLanguage\":\"de\"},{\"@type\":\"Organization\",\"@id\":\"\\\/#organization\",\"name\":\"Russland verstehen\",\"url\":\"\\\/\",\"logo\":{\"@type\":\"ImageObject\",\"inLanguage\":\"de\",\"@id\":\"\\\/#\\\/schema\\\/logo\\\/image\\\/\",\"url\":\"\",\"contentUrl\":\"\",\"caption\":\"Russland verstehen\"},\"image\":{\"@id\":\"\\\/#\\\/schema\\\/logo\\\/image\\\/\"},\"sameAs\":[\"https:\\\/\\\/www.facebook.com\\\/LiberaleModerne\\\/\",\"https:\\\/\\\/x.com\\\/liberalemoderne\"]}]}<\/script>\n<!-- \/ Yoast SEO Premium plugin. -->","yoast_head_json":{"title":"Spenden! - Russland verstehen","robots":{"index":"index","follow":"follow","max-snippet":"max-snippet:-1","max-image-preview":"max-image-preview:large","max-video-preview":"max-video-preview:-1"},"canonical":"https:\/\/russlandverstehen.eu\/de\/spenden\/","og_locale":"de_DE","og_type":"article","og_title":"Spenden!","og_description":"[vc_\u200brow css=\u201c.vc_custom_1508251598805{margin-top: 30px !important;}\u201c][vc_column width=\u201e2\/3\u201c css=\u201c.vc_custom_1508252250311{padding-right: 20px !important;}\u201c][vc_column_text][\/vc_column_text][vc_column_text] F\u00fcr unsere Arbeit sind wir auf Spenden ange\u00adwie\u00adsen. Wenn Sie unser Enga\u00adge\u00adment f\u00fcr die libe\u00adrale Moderne unter\u00adst\u00fct\u00adzen m\u00f6chten, w\u00fcrden wir uns \u00fcber...","og_url":"https:\/\/russlandverstehen.eu\/de\/spenden\/","og_site_name":"Russland verstehen","article_publisher":"https:\/\/www.facebook.com\/LiberaleModerne\/","article_modified_time":"2021-02-08T16:49:53+00:00","og_image":[{"width":1200,"height":800,"url":"https:\/\/russlandverstehen.eu\/wp-content\/uploads\/Spenden.jpg","type":"image\/jpeg"}],"twitter_card":"summary_large_image","twitter_site":"@liberalemoderne","twitter_misc":{"Gesch\u00e4tzte Lesezeit":"1\u00a0Minute"},"schema":{"@context":"https:\/\/schema.org","@graph":[{"@type":"WebPage","@id":"https:\/\/russlandverstehen.eu\/de\/spenden\/","url":"https:\/\/russlandverstehen.eu\/de\/spenden\/","name":"Spenden! - Russland verstehen","isPartOf":{"@id":"\/#website"},"primaryImageOfPage":{"@id":"https:\/\/russlandverstehen.eu\/de\/spenden\/#primaryimage"},"image":{"@id":"https:\/\/russlandverstehen.eu\/de\/spenden\/#primaryimage"},"thumbnailUrl":"https:\/\/russlandverstehen.eu\/wp-content\/uploads\/Spenden.jpg","datePublished":"2017-10-02T17:27:59+00:00","dateModified":"2021-02-08T16:49:53+00:00","breadcrumb":{"@id":"https:\/\/russlandverstehen.eu\/de\/spenden\/#breadcrumb"},"inLanguage":"de","potentialAction":[{"@type":"ReadAction","target":["https:\/\/russlandverstehen.eu\/de\/spenden\/"]}]},{"@type":"ImageObject","inLanguage":"de","@id":"https:\/\/russlandverstehen.eu\/de\/spenden\/#primaryimage","url":"https:\/\/russlandverstehen.eu\/wp-content\/uploads\/Spenden.jpg","contentUrl":"https:\/\/russlandverstehen.eu\/wp-content\/uploads\/Spenden.jpg","width":1200,"height":800},{"@type":"BreadcrumbList","@id":"https:\/\/russlandverstehen.eu\/de\/spenden\/#breadcrumb","itemListElement":[{"@type":"ListItem","position":1,"name":"Startseite","item":"https:\/\/russlandverstehen.eu\/de\/"},{"@type":"ListItem","position":2,"name":"Spenden!"}]},{"@type":"WebSite","@id":"\/#website","url":"\/","name":"Russland verstehen","description":"Zentrum Liberale Moderne","publisher":{"@id":"\/#organization"},"potentialAction":[{"@type":"SearchAction","target":{"@type":"EntryPoint","urlTemplate":"\/?s={search_term_string}"},"query-input":{"@type":"PropertyValueSpecification","valueRequired":true,"valueName":"search_term_string"}}],"inLanguage":"de"},{"@type":"Organization","@id":"\/#organization","name":"Russland verstehen","url":"\/","logo":{"@type":"ImageObject","inLanguage":"de","@id":"\/#\/schema\/logo\/image\/","url":"","contentUrl":"","caption":"Russland verstehen"},"image":{"@id":"\/#\/schema\/logo\/image\/"},"sameAs":["https:\/\/www.facebook.com\/LiberaleModerne\/","https:\/\/x.com\/liberalemoderne"]}]}},"_links":{"self":[{"href":"https:\/\/russlandverstehen.eu\/de\/wp-json\/wp\/v2\/pages\/37","targetHints":{"allow":["GET"]}}],"collection":[{"href":"https:\/\/russlandverstehen.eu\/de\/wp-json\/wp\/v2\/pages"}],"about":[{"href":"https:\/\/russlandverstehen.eu\/de\/wp-json\/wp\/v2\/types\/page"}],"author":[{"embeddable":true,"href":"https:\/\/russlandverstehen.eu\/de\/wp-json\/wp\/v2\/users\/185"}],"replies":[{"embeddable":true,"href":"https:\/\/russlandverstehen.eu\/de\/wp-json\/wp\/v2\/comments?post=37"}],"version-history":[{"count":10,"href":"https:\/\/russlandverstehen.eu\/de\/wp-json\/wp\/v2\/pages\/37\/revisions"}],"predecessor-version":[{"id":40140,"href":"https:\/\/russlandverstehen.eu\/de\/wp-json\/wp\/v2\/pages\/37\/revisions\/40140"}],"wp:featuredmedia":[{"embeddable":true,"href":"https:\/\/russlandverstehen.eu\/de\/wp-json\/wp\/v2\/media\/24697"}],"wp:attachment":[{"href":"https:\/\/russlandverstehen.eu\/de\/wp-json\/wp\/v2\/media?parent=37"}],"curies":[{"name":"wp","href":"https:\/\/api.w.org\/{rel}","templated":true}]}}