{"id":40433,"date":"2021-03-19T14:24:10","date_gmt":"2021-03-19T13:24:10","guid":{"rendered":"https:\/\/russlandverstehen.eu\/?page_id=40433"},"modified":"2023-12-15T11:34:58","modified_gmt":"2023-12-15T10:34:58","slug":"%d0%ba%d0%be%d0%bd%d1%82%d0%b0%d0%ba%d1%82%d0%bd%d0%b0%d1%8f-%d0%b8%d0%bd%d1%84%d0%be%d1%80%d0%bc%d0%b0%d1%86%d0%b8%d1%8f","status":"publish","type":"page","link":"https:\/\/russlandverstehen.eu\/ru\/%d0%be-%d0%bd%d0%b0%d1%81\/%d0%ba%d0%be%d0%bd%d1%82%d0%b0%d0%ba%d1%82%d0%bd%d0%b0%d1%8f-%d0%b8%d0%bd%d1%84%d0%be%d1%80%d0%bc%d0%b0%d1%86%d0%b8%d1%8f\/","title":{"rendered":"\u041a\u043e\u043d\u00ad\u0442\u0430\u043a\u0442\u00ad\u043d\u0430\u044f&nbsp;\u0438\u043d\u0444\u043e\u0440\u043c\u0430\u0446\u0438\u044f"},"content":{"rendered":"<div class=\"wpb-content-wrapper\"><p>[vc_row][vc_column width=\u201e2\/3\u201c][vc_column_text]Zentrum Liberale&nbsp;Moderne<br>\nReinhardtstra\u00dfe 15<br>\n10117&nbsp;Berlin<\/p>\n<p>Telefon +49 30&nbsp;25095870<br>\nFax +49 30&nbsp;25095871<br>\nE\u2011Mail&nbsp;<a href=\"mailto:russlandverstehen@libmod.de\">russlandverstehen@libmod.de<br>\n<\/a>Website&nbsp;<a href=\"https:\/\/libmod.de\">libmod.de<\/a><\/p>\n<p><a href=\"#impressum\">Zum Impressum<\/a><\/p>\n<p><span style=\"color: #ffffff;\">.<\/span>[\/vc_column_text][\/vc_column][vc_column width=\u201e1\/3\u201c][\/vc_column][\/vc_row][vc_row][vc_column][vc_separator][\/vc_column][\/vc_row][vc_row][vc_column width=\u201e1\/3\u201c][vc_column_text]<\/p>\n<h1>Ihre Mail an&nbsp;uns<\/h1>\n<p>[\/\u200bvc_\u200bcolumn_\u200btext]\n<\/p><div class=\"wpcf7 no-js\" id=\"wpcf7-f74-o1\" lang=\"de-DE\" dir=\"ltr\" data-wpcf7-id=\"74\">\n<div class=\"screen-reader-response\"><p role=\"status\" aria-live=\"polite\" aria-atomic=\"true\"><\/p> <ul><\/ul><\/div>\n<form action=\"\/ru\/wp-json\/wp\/v2\/pages\/40433#wpcf7-f74-o1\" method=\"post\" class=\"wpcf7-form init\" aria-label=\"Kontaktformular\" novalidate=\"novalidate\" data-status=\"init\">\n<fieldset class=\"hidden-fields-container\"><input type=\"hidden\" name=\"_wpcf7\" value=\"74\"><input type=\"hidden\" name=\"_wpcf7_version\" value=\"6.1.5\"><input type=\"hidden\" name=\"_wpcf7_locale\" value=\"de_DE\"><input type=\"hidden\" name=\"_wpcf7_unit_tag\" value=\"wpcf7-f74-o1\"><input type=\"hidden\" name=\"_wpcf7_container_post\" value=\"0\"><input type=\"hidden\" name=\"_wpcf7_posted_data_hash\" value>\n<\/fieldset>\n<label> Ihr Name \/\u200b Your name *\n    <span class=\"wpcf7-form-control-wrap\" data-name=\"your-name\"><input size=\"40\" maxlength=\"400\" class=\"wpcf7-form-control wpcf7-text wpcf7-validates-as-required\" aria-required=\"true\" aria-invalid=\"false\" value type=\"text\" name=\"your-name\"><\/span> <\/label>\n\n<label> E\u2011Mail-Adresse \/\u200b Your email *\n    <span class=\"wpcf7-form-control-wrap\" data-name=\"your-email\"><input size=\"40\" maxlength=\"400\" class=\"wpcf7-form-control wpcf7-email wpcf7-validates-as-required wpcf7-text wpcf7-validates-as-email\" aria-required=\"true\" aria-invalid=\"false\" value type=\"email\" name=\"your-email\"><\/span> <\/label>\n\n<label> Betreff \/\u200b Subject\n    <span class=\"wpcf7-form-control-wrap\" data-name=\"your-subject\"><input size=\"40\" maxlength=\"400\" class=\"wpcf7-form-control wpcf7-text\" aria-invalid=\"false\" value type=\"text\" name=\"your-subject\"><\/span> <\/label>\n\n<label> Ihre Nachricht \/\u200b Your&nbsp;message&nbsp;<span class=\"wpcf7-form-control-wrap\" data-name=\"your-message\"><textarea cols=\"40\" rows=\"10\" maxlength=\"2000\" class=\"wpcf7-form-control wpcf7-textarea\" aria-invalid=\"false\" name=\"your-message\"><\/textarea><\/span> <\/label>\n\n<span class=\"wpcf7-form-control-wrap\" data-name=\"DatenschutzOK\"><span class=\"wpcf7-form-control wpcf7-acceptance\"><span class=\"wpcf7-list-item\"><input type=\"checkbox\" name=\"DatenschutzOK\" value=\"1\" aria-invalid=\"false\"><\/span><\/span><\/span> Mit den Bestimmungen der <a href=\"https:\/\/russlandverstehen.eu\/datenschutzerklaerung\/\" target=\"_blank\" rel=\"noopener\">Datenschutzerkl\u00e4rung<\/a> bin ich einverstanden. (Bitte anklicken)\nI&nbsp;agree with the conditions in the <a href=\"https:\/\/russlandverstehen.eu\/en\/data-policy-german\/\" target=\"_blank\" rel=\"noopener\">privacy policy<\/a>. (Please check)\n\n<span class=\"wpcf7-form-control-wrap\" data-name=\"quiz-502\"><label><span class=\"wpcf7-quiz-label\">Bitte l\u00f6sen: 17 \u2013 4 =<\/span> <input size=\"40\" class=\"wpcf7-form-control wpcf7-quiz\" autocomplete=\"off\" aria-required=\"true\" aria-invalid=\"false\" type=\"text\" name=\"quiz-502\"><\/label><input type=\"hidden\" name=\"_wpcf7_quiz_answer_quiz-502\" value=\"f6273186a506c14a794e58c01c45cd7f\"><\/span>\n\n<input class=\"wpcf7-form-control wpcf7-submit has-spinner\" type=\"submit\" value=\"Abschicken \/ Submit\"><div class=\"wpcf7-response-output\" aria-hidden=\"true\"><\/div>\n<\/form>\n<\/div>\n[\/vc_column][vc_column width=\u201e1\/3\u201c][\/vc_column][vc_column width=\u201e1\/3\u201c][\/vc_column][\/vc_row][vc_row][vc_column][vc_column_text]<code><a id=\"impressum\"><\/a><\/code>[\/vc_column_text][vc_separator][\/vc_column][\/vc_row][vc_row][vc_column width=\u201e2\/3\u201c][vc_column_text]\n<h1>Impressum<\/h1>\n<p>Verantwortlich f\u00fcr diese Seiten gem\u00e4\u00df Telemediengesetz:<\/p>\n<p>Zentrum f\u00fcr die liberale Moderne&nbsp;gGmbH<br>\nGesch\u00e4ftsf\u00fchrer: Ralf F\u00fccks, Irene Hahn-Fuhr, Christoph&nbsp;Becker<br>\nReinhardtstr. 15, 10117&nbsp;Berlin<br>\nAmtsgericht Charlottenburg HRB 188204&nbsp;B<\/p>\n<p>Telefon +49 30&nbsp;25095870<br>\nE\u2011Mail&nbsp;<a href=\"mailto:info@libmod.de\">info@libmod.de<\/a><\/p>\n<p>Design: <a href=\"https:\/\/www.boros.de\/\">www.boros.de<\/a><br>\nWebsite:&nbsp;<a href=\"https:\/\/www.bludot.berlin\/\">www.bludot.berlin<\/a><\/p>\n<p>Bei aller Sorgfalt \u00fcbernehmen wir keine Gew\u00e4hr f\u00fcr die Richtigkeit, Vollst\u00e4ndigkeit oder Aktualit\u00e4t der&nbsp;auf dieser Website angebotenen Informationen. F\u00fcr externe Webseiten haften deren&nbsp;Betreiber.<\/p>\n<p>Kostennoten anwaltlicher Abmahnungen ohne vorhergehende Kontaktaufnahme mit uns werden im Sinne der Schadenminderungspflicht als unbegr\u00fcndet zur\u00fcckgewiesen.<\/p>\n<p><a href=\"https:\/\/libmod.de\/datenschutz\/\" target=\"_blank\" rel=\"noopener noreferrer\">Datenschutzerkl\u00e4rung<\/a>[\/vc_column_text][\/vc_column][vc_column width=\u201e1\/3\u201c][\/vc_column][\/vc_row]<\/p>\n<\/div>","protected":false},"excerpt":{"rendered":"<p>[vc_row][vc_column width=\u201e2\/3\u201c][vc_column_text]Zentrum Liberale&nbsp;Moderne Reinhardtstra\u00dfe 15 10117&nbsp;Berlin Telefon +49 30&nbsp;25095870 Fax +49 30&nbsp;25095871&nbsp;E\u2011Mail&nbsp;russlandverstehen@libmod.de Website&nbsp;libmod.de Zum Impressum .[\/vc_column_text][\/vc_column][vc_column width=\u201e1\/3\u201c][\/vc_column][\/vc_row][vc_row][vc_column][vc_separator][\/vc_column][\/vc_row][vc_row][vc_column width=\u201e1\/3\u201c][vc_column_text] Ihre Mail an&nbsp;uns [\/vc_column_text][\/vc_column][vc_column width=\u201e1\/3\u201c][\/vc_column][vc_column width=\u201e1\/3\u201c][\/vc_column][\/vc_row][vc_row][vc_column][vc_column_text][\/vc_column_text][vc_separator][\/vc_column][\/vc_row][vc_row][vc_column width=\u201e2\/3\u201c][vc_column_text] Impressum Verantwortlich f\u00fcr&nbsp;diese...<\/p>\n","protected":false},"author":1,"featured_media":0,"parent":41081,"menu_order":1,"comment_status":"closed","ping_status":"closed","template":"","meta":{"_acf_changed":false,"wp_typography_post_enhancements_disabled":false,"footnotes":""},"class_list":["post-40433","page","type-page","status-publish"],"acf":[],"yoast_head":"<!-- This site is optimized with the Yoast SEO Premium plugin v25.0 (Yoast SEO v27.5) - https:\/\/yoast.com\/product\/yoast-seo-premium-wordpress\/ -->\n<title>\u041a\u043e\u043d\u0442\u0430\u043a\u0442\u043d\u0430\u044f \u0438\u043d\u0444\u043e\u0440\u043c\u0430\u0446\u0438\u044f - Russland verstehen<\/title>\n<meta name=\"robots\" content=\"index, follow, max-snippet:-1, max-image-preview:large, max-video-preview:-1\" \/>\n<link rel=\"canonical\" href=\"https:\/\/russlandverstehen.eu\/de\/ueber-uns\/kontakt\/\" \/>\n<meta property=\"og:locale\" content=\"ru_RU\" \/>\n<meta property=\"og:type\" content=\"article\" \/>\n<meta property=\"og:title\" content=\"\u041a\u043e\u043d\u0442\u0430\u043a\u0442\u043d\u0430\u044f \u0438\u043d\u0444\u043e\u0440\u043c\u0430\u0446\u0438\u044f\" \/>\n<meta property=\"og:description\" content=\"[vc_row][vc_column width=\u201e2\/3\u201c][vc_column_text]Zentrum Liberale&nbsp;Moderne Reinhardtstra\u00dfe 15 10117&nbsp;Berlin Telefon +49 30&nbsp;25095870 Fax +49 30&nbsp;25095871 E\u2011Mail&nbsp;russlandverstehen@libmod.de Website&nbsp;libmod.de Zum Impressum .[\/vc_column_text][\/vc_column][vc_column width=\u201e1\/3\u201c][\/vc_column][\/vc_row][vc_row][vc_column][vc_separator][\/vc_column][\/vc_row][vc_row][vc_column width=\u201e1\/3\u201c][vc_column_text] Ihre Mail an&nbsp;uns [\/vc_column_text][\/vc_column][vc_column width=\u201e1\/3\u201c][\/vc_column][vc_column width=\u201e1\/3\u201c][\/vc_column][\/vc_row][vc_row][vc_column][vc_column_text][\/vc_column_text][vc_separator][\/vc_column][\/vc_row][vc_row][vc_column width=\u201e2\/3\u201c][vc_column_text] Impressum Verantwortlich f\u00fcr diese...\" \/>\n<meta property=\"og:url\" content=\"https:\/\/russlandverstehen.eu\/de\/ueber-uns\/kontakt\/\" \/>\n<meta property=\"og:site_name\" content=\"Russland verstehen\" \/>\n<meta property=\"article:publisher\" content=\"https:\/\/www.facebook.com\/LiberaleModerne\/\" \/>\n<meta property=\"article:modified_time\" content=\"2023-12-15T10:34:58+00:00\" \/>\n<meta name=\"twitter:card\" content=\"summary_large_image\" \/>\n<meta name=\"twitter:site\" content=\"@liberalemoderne\" \/>\n<meta name=\"twitter:label1\" content=\"\u041f\u0440\u0438\u043c\u0435\u0440\u043d\u043e\u0435 \u0432\u0440\u0435\u043c\u044f \u0434\u043b\u044f \u0447\u0442\u0435\u043d\u0438\u044f\" \/>\n\t<meta name=\"twitter:data1\" content=\"1 \u043c\u0438\u043d\u0443\u0442\u0430\" \/>\n<script type=\"application\/ld+json\" class=\"yoast-schema-graph\">{\"@context\":\"https:\\\/\\\/schema.org\",\"@graph\":[{\"@type\":\"WebPage\",\"@id\":\"https:\\\/\\\/russlandverstehen.eu\\\/de\\\/ueber-uns\\\/kontakt\\\/\",\"url\":\"https:\\\/\\\/russlandverstehen.eu\\\/de\\\/ueber-uns\\\/kontakt\\\/\",\"name\":\"\u041a\u043e\u043d\u0442\u0430\u043a\u0442\u043d\u0430\u044f \u0438\u043d\u0444\u043e\u0440\u043c\u0430\u0446\u0438\u044f - Russland verstehen\",\"isPartOf\":{\"@id\":\"\\\/#website\"},\"datePublished\":\"2021-03-19T13:24:10+00:00\",\"dateModified\":\"2023-12-15T10:34:58+00:00\",\"breadcrumb\":{\"@id\":\"https:\\\/\\\/russlandverstehen.eu\\\/de\\\/ueber-uns\\\/kontakt\\\/#breadcrumb\"},\"inLanguage\":\"ru-RU\",\"potentialAction\":[{\"@type\":\"ReadAction\",\"target\":[\"https:\\\/\\\/russlandverstehen.eu\\\/de\\\/ueber-uns\\\/kontakt\\\/\"]}]},{\"@type\":\"BreadcrumbList\",\"@id\":\"https:\\\/\\\/russlandverstehen.eu\\\/de\\\/ueber-uns\\\/kontakt\\\/#breadcrumb\",\"itemListElement\":[{\"@type\":\"ListItem\",\"position\":1,\"name\":\"Startseite\",\"item\":\"https:\\\/\\\/russlandverstehen.eu\\\/ru\\\/\"},{\"@type\":\"ListItem\",\"position\":2,\"name\":\"\u041e \u043d\u0430\u0441\",\"item\":\"https:\\\/\\\/russlandverstehen.eu\\\/ru\\\/%d0%be-%d0%bd%d0%b0%d1%81\\\/\"},{\"@type\":\"ListItem\",\"position\":3,\"name\":\"\u041a\u043e\u043d\u0442\u0430\u043a\u0442\u043d\u0430\u044f \u0438\u043d\u0444\u043e\u0440\u043c\u0430\u0446\u0438\u044f\"}]},{\"@type\":\"WebSite\",\"@id\":\"\\\/#website\",\"url\":\"\\\/\",\"name\":\"Russland verstehen\",\"description\":\"Zentrum Liberale Moderne\",\"publisher\":{\"@id\":\"\\\/#organization\"},\"potentialAction\":[{\"@type\":\"SearchAction\",\"target\":{\"@type\":\"EntryPoint\",\"urlTemplate\":\"\\\/?s={search_term_string}\"},\"query-input\":{\"@type\":\"PropertyValueSpecification\",\"valueRequired\":true,\"valueName\":\"search_term_string\"}}],\"inLanguage\":\"ru-RU\"},{\"@type\":\"Organization\",\"@id\":\"\\\/#organization\",\"name\":\"Russland verstehen\",\"url\":\"\\\/\",\"logo\":{\"@type\":\"ImageObject\",\"inLanguage\":\"ru-RU\",\"@id\":\"\\\/#\\\/schema\\\/logo\\\/image\\\/\",\"url\":\"\",\"contentUrl\":\"\",\"caption\":\"Russland verstehen\"},\"image\":{\"@id\":\"\\\/#\\\/schema\\\/logo\\\/image\\\/\"},\"sameAs\":[\"https:\\\/\\\/www.facebook.com\\\/LiberaleModerne\\\/\",\"https:\\\/\\\/x.com\\\/liberalemoderne\"]}]}<\/script>\n<!-- \/ Yoast SEO Premium plugin. -->","yoast_head_json":{"title":"\u041a\u043e\u043d\u0442\u0430\u043a\u0442\u043d\u0430\u044f \u0438\u043d\u0444\u043e\u0440\u043c\u0430\u0446\u0438\u044f - Russland verstehen","robots":{"index":"index","follow":"follow","max-snippet":"max-snippet:-1","max-image-preview":"max-image-preview:large","max-video-preview":"max-video-preview:-1"},"canonical":"https:\/\/russlandverstehen.eu\/de\/ueber-uns\/kontakt\/","og_locale":"ru_RU","og_type":"article","og_title":"\u041a\u043e\u043d\u0442\u0430\u043a\u0442\u043d\u0430\u044f \u0438\u043d\u0444\u043e\u0440\u043c\u0430\u0446\u0438\u044f","og_description":"[vc_row][vc_column width=\u201e2\/3\u201c][vc_column_text]Zentrum Liberale&nbsp;Moderne Reinhardtstra\u00dfe 15 10117&nbsp;Berlin Telefon +49 30&nbsp;25095870 Fax +49 30&nbsp;25095871 E\u2011Mail&nbsp;russlandverstehen@libmod.de Website&nbsp;libmod.de Zum Impressum .[\/vc_column_text][\/vc_column][vc_column width=\u201e1\/3\u201c][\/vc_column][\/vc_row][vc_row][vc_column][vc_separator][\/vc_column][\/vc_row][vc_row][vc_column width=\u201e1\/3\u201c][vc_column_text] Ihre Mail an&nbsp;uns [\/vc_column_text][\/vc_column][vc_column width=\u201e1\/3\u201c][\/vc_column][vc_column width=\u201e1\/3\u201c][\/vc_column][\/vc_row][vc_row][vc_column][vc_column_text][\/vc_column_text][vc_separator][\/vc_column][\/vc_row][vc_row][vc_column width=\u201e2\/3\u201c][vc_column_text] Impressum Verantwortlich f\u00fcr diese...","og_url":"https:\/\/russlandverstehen.eu\/de\/ueber-uns\/kontakt\/","og_site_name":"Russland verstehen","article_publisher":"https:\/\/www.facebook.com\/LiberaleModerne\/","article_modified_time":"2023-12-15T10:34:58+00:00","twitter_card":"summary_large_image","twitter_site":"@liberalemoderne","twitter_misc":{"\u041f\u0440\u0438\u043c\u0435\u0440\u043d\u043e\u0435 \u0432\u0440\u0435\u043c\u044f \u0434\u043b\u044f \u0447\u0442\u0435\u043d\u0438\u044f":"1 \u043c\u0438\u043d\u0443\u0442\u0430"},"schema":{"@context":"https:\/\/schema.org","@graph":[{"@type":"WebPage","@id":"https:\/\/russlandverstehen.eu\/de\/ueber-uns\/kontakt\/","url":"https:\/\/russlandverstehen.eu\/de\/ueber-uns\/kontakt\/","name":"\u041a\u043e\u043d\u0442\u0430\u043a\u0442\u043d\u0430\u044f \u0438\u043d\u0444\u043e\u0440\u043c\u0430\u0446\u0438\u044f - Russland verstehen","isPartOf":{"@id":"\/#website"},"datePublished":"2021-03-19T13:24:10+00:00","dateModified":"2023-12-15T10:34:58+00:00","breadcrumb":{"@id":"https:\/\/russlandverstehen.eu\/de\/ueber-uns\/kontakt\/#breadcrumb"},"inLanguage":"ru-RU","potentialAction":[{"@type":"ReadAction","target":["https:\/\/russlandverstehen.eu\/de\/ueber-uns\/kontakt\/"]}]},{"@type":"BreadcrumbList","@id":"https:\/\/russlandverstehen.eu\/de\/ueber-uns\/kontakt\/#breadcrumb","itemListElement":[{"@type":"ListItem","position":1,"name":"Startseite","item":"https:\/\/russlandverstehen.eu\/ru\/"},{"@type":"ListItem","position":2,"name":"\u041e \u043d\u0430\u0441","item":"https:\/\/russlandverstehen.eu\/ru\/%d0%be-%d0%bd%d0%b0%d1%81\/"},{"@type":"ListItem","position":3,"name":"\u041a\u043e\u043d\u0442\u0430\u043a\u0442\u043d\u0430\u044f \u0438\u043d\u0444\u043e\u0440\u043c\u0430\u0446\u0438\u044f"}]},{"@type":"WebSite","@id":"\/#website","url":"\/","name":"Russland verstehen","description":"Zentrum Liberale Moderne","publisher":{"@id":"\/#organization"},"potentialAction":[{"@type":"SearchAction","target":{"@type":"EntryPoint","urlTemplate":"\/?s={search_term_string}"},"query-input":{"@type":"PropertyValueSpecification","valueRequired":true,"valueName":"search_term_string"}}],"inLanguage":"ru-RU"},{"@type":"Organization","@id":"\/#organization","name":"Russland verstehen","url":"\/","logo":{"@type":"ImageObject","inLanguage":"ru-RU","@id":"\/#\/schema\/logo\/image\/","url":"","contentUrl":"","caption":"Russland verstehen"},"image":{"@id":"\/#\/schema\/logo\/image\/"},"sameAs":["https:\/\/www.facebook.com\/LiberaleModerne\/","https:\/\/x.com\/liberalemoderne"]}]}},"_links":{"self":[{"href":"https:\/\/russlandverstehen.eu\/ru\/wp-json\/wp\/v2\/pages\/40433","targetHints":{"allow":["GET"]}}],"collection":[{"href":"https:\/\/russlandverstehen.eu\/ru\/wp-json\/wp\/v2\/pages"}],"about":[{"href":"https:\/\/russlandverstehen.eu\/ru\/wp-json\/wp\/v2\/types\/page"}],"author":[{"embeddable":true,"href":"https:\/\/russlandverstehen.eu\/ru\/wp-json\/wp\/v2\/users\/1"}],"replies":[{"embeddable":true,"href":"https:\/\/russlandverstehen.eu\/ru\/wp-json\/wp\/v2\/comments?post=40433"}],"version-history":[{"count":2,"href":"https:\/\/russlandverstehen.eu\/ru\/wp-json\/wp\/v2\/pages\/40433\/revisions"}],"predecessor-version":[{"id":43439,"href":"https:\/\/russlandverstehen.eu\/ru\/wp-json\/wp\/v2\/pages\/40433\/revisions\/43439"}],"up":[{"embeddable":true,"href":"https:\/\/russlandverstehen.eu\/ru\/wp-json\/wp\/v2\/pages\/41081"}],"wp:attachment":[{"href":"https:\/\/russlandverstehen.eu\/ru\/wp-json\/wp\/v2\/media?parent=40433"}],"curies":[{"name":"wp","href":"https:\/\/api.w.org\/{rel}","templated":true}]}}