{"id":40452,"date":"2021-03-19T14:37:41","date_gmt":"2021-03-19T13:37:41","guid":{"rendered":"https:\/\/russlandverstehen.eu\/?page_id=40452"},"modified":"2021-09-23T01:20:10","modified_gmt":"2021-09-22T23:20:10","slug":"%d0%bd%d0%b0%d1%88%d0%b8-%d0%bf%d1%80%d0%be%d0%b5%d0%ba%d1%82%d1%8b","status":"publish","type":"page","link":"https:\/\/russlandverstehen.eu\/ru\/%d0%be-%d0%bd%d0%b0%d1%81\/%d0%bd%d0%b0%d1%88%d0%b8-%d0%bf%d1%80%d0%be%d0%b5%d0%ba%d1%82%d1%8b\/","title":{"rendered":"\u041d\u0430\u0448\u0438 \u043f\u0440\u043e\u0435\u043a\u0442\u044b"},"content":{"rendered":"<div class=\"wpb-content-wrapper\"><p>[vc_\u200brow css=\u201c.vc_custom_1508251598805{margin-top: 30px !important;}\u201c][vc_column width=\u201e2\/3\u201c css=\u201c.vc_custom_1508252250311{padding-right: 20px !important;}\u201c][vc_column_text]<\/p>\n<h2 class=\"blog\">Deutsch-Rus\u00ad\u00adsi\u00ad\u00adsche-Gespr\u00e4\u00adche zur digi\u00adta\u00adlen Zivilgesellschaft<\/h2>\n<p>Zu den <a href=\"https:\/\/russlandverstehen.eu\/internetfreiheit\/\">Projektinhalten<\/a><\/p>\n<h3>Die russische Regierung versucht Zugriff auf die letzten Freiheitsinseln im Internet zu bekommen. Mit dem Gesetz \u00fcber das \u201eSouver\u00e4ne Internet\u201c k\u00f6nnte die Regierung das Netz von der Au\u00dfenwelt isolieren. Das Zentrum Liberale Moderne und das Moskauer Sacharow-Zentrum bringen Internetaktivisten aus Russland und Deutschland zusammen. Gemeinsam diskutieren wir, was zu tun ist, damit das Internet ein Ort f\u00fcr freies Denkens&nbsp;bleibt.&nbsp;<!--more--><\/h3>\n<p>Die Handlungsspielraum f\u00fcr Zivilgesellschaft und unabh\u00e4ngige Medien in Russland wird immer enger. Mit repressiven Gesetzen, physischem und wirtschaftlichem Druck sowie mit strafrechtlicher Verfolgung versucht der russische Staat derzeit, kritische Stimmen einzusch\u00fcchtern und zum Schweigen zu&nbsp;bringen.<\/p>\n<p>Noch ist das Internet eine der letzten Nischen f\u00fcr kritische \u00d6ffentlichkeit in Russland. Aber auch dieser Raum wird zunehmend von staatlicher Zensur eingeschr\u00e4nkt. Der staatliche Druck auf Internetprovider, die Kontrolle \u00fcber die Inhalte sowie die M\u00f6glichkeiten f\u00fcr eine umfassende \u00dcberwachung des Netzes nehmen st\u00e4ndig&nbsp;zu.<\/p>\n<p>Das Gesetz \u00fcber das \u201esouver\u00e4ne Internet\u201c von November 2019 ist der bisherige H\u00f6hepunkt einer Reihe von Regulierungen, welche die Internetfreiheit nach und nach einschr\u00e4nken.<\/p>\n<p>Immer st\u00e4rker nimmt der Staat kremlkritische Redaktionen und einzelne JournalistInnen, BloggerInnen und AktivistInnen ins Visier, f\u00fcr die das Internet eine unentbehrliche Plattform ist. So wurde im Dezember 2019 das Medien- und Informationsgesetz versch\u00e4rft und damit die M\u00f6glichkeit geschaffen, den stigmatisierenden Status von \u201eausl\u00e4ndischen Agenten\u201c auf Einzelpersonen auszuweiten.&nbsp; Auch werden immer neue rechtliche Instrumente geschaffen um private InternetnutzerInnen f\u00fcr \u00f6ffentliche Meinungs\u00e4u\u00dferungen in sozialen Netzwerken zu verfolgen. Das schafft ein Klima der Angst und der Selbstzensur.<\/p>\n<p>Gleichzeitig nimmt die Bedeutung von Meinungs- und Informationsfreiheit in Russland zu. Einer Umfrage des unabh\u00e4ngigen Lewada-Instituts vom <a href=\"https:\/\/www.kommersant.ru\/doc\/4164259\">November 2019<\/a> zufolge ist der Anteil derjenigen, die Meinungsfreiheit als eine der wichtigsten Rechte sehen, binnen zwei&nbsp; Jahren von 34 auf 58 Prozent gestiegen. Der Anteil derer, die auf ein Recht auf ungehinderten Zugang zu Informationen bestehen stieg von 25 auf 39&nbsp;Prozent.<\/p>\n<p>Das staatlich kontrollierte Fernsehen verliert unterdessen an Einfluss. W\u00e4hrend noch vor 10 Jahren 94 Prozent sich \u00fcber In- und Au\u00dfenpolitik via Fernsehen informierten, waren es einer <a href=\"https:\/\/www.levada.ru\/2019\/08\/01\/rossijskij-media-landshaft-2019\/\">Levada-Umfrage zufolge<\/a> 2019 nur noch 72 Prozent. Das Internet wird immer wichtiger als Informationsquelle: 34 bzw. 32 Prozent der B\u00fcrgerInnen informieren sich aus sozialen Medien und Online-Nachrichten. Bei den j\u00fcngeren sind soziale Netzwerke sogar die wichtigste Informationsquelle.<\/p>\n<p>Die zunehmende Einschr\u00e4nkung der Internetfreiheit mobilisiert die russische Zivilgesellschaft, insbesondere die j\u00fcngere Generation. Im <a href=\"https:\/\/www.spiegel.de\/netzwelt\/netzpolitik\/russland-russen-fuerchten-verschaerfte-zensur-durch-neue-internetgesetze-a-1257641.html\">M\u00e4rz 2019<\/a> gingen in Moskau und anderen russischen St\u00e4dten Tausende Menschen auf die Stra\u00dfe, um f\u00fcr die Freiheit des Internets zu demonstrieren.<\/p>\n<p>Als Reaktion auf die Einschr\u00e4nkunegn sind in den vergangenen Jahren im russischsprachigen Internet zahlreiche neue unabh\u00e4ngige Online-Portale und Medienprojekte entstanden. Sie sto\u00dfen in die L\u00fccke zwischen der Zensur und Selbstzensur und nutzen geschickt und intensiv die M\u00f6glichkeiten digitaler Medien, um \u00fcber Themen zu berichten, f\u00fcr die in den Staatsmedien kein Platz mehr&nbsp;ist.<\/p>\n<p>Einzelne Blogger, die sich f\u00fcr die Anliegen der demokratischen Zivilgesellschaft einsetzen, erreichen mittlerweile eine \u00d6ffentlichkeit, die sich mit der Reichweite der staatlich kontrollierten Angeboten messen l\u00e4sst. Auch klassische Nichtregierungsorganisationen nutzen zunehmend neue Technologien, um die Gesellschaft f\u00fcr vom Staat vernachl\u00e4ssigte oder unterdr\u00fcckte Probleme zu sensibilisieren. Sie engagieren sich gezielt f\u00fcr die Freiheit im Netz, beobachten gezielt staatliches Vorgehen gegen B\u00fcrgerrechte im Internet und leisten Rechts\u00adhilfe. Staatliche Strafverfolgung, Geldmangel und die zunehmende Behinderung von internationaler Zusammenarbeit schr\u00e4nken die Handlungsspielr\u00e4ume dieser Akteure allerdings&nbsp;ein.<\/p>\n<p>Die internet-affine russische Zivilgesellschaft und unabh\u00e4ngige Online-Medien stehen au\u00dferdem vor Herausforderungen, die es \u00e4hnlich auch in Deutschland gibt. Dies gilt z.B. f\u00fcr Sicherheitsfragen, den Umgang mit Falschnachrichten und Hassbotschaften im Netz oder f\u00fcr journalistische Techniken und Standards bei der Durchf\u00fchrung investigativer Recherchen. Auch ein Vergleich des regulativen Rahmens f\u00fcr das Internet in Deutschland\/\u200bder EU und Russland kann f\u00fcr beide Seiten produktiv&nbsp;sein.<\/p>\n<p>Unzureichendes Wissen um den jeweils anderen Diskurs, fehlender Erfahrungsaustausch und ein Mangel an pers\u00f6nlichen Begegnungen zwischen russischen und deutschen AktivistInnen, ExpertInnen, Medienschaffenden erschweren das gegenseitige Verst\u00e4ndnis und eine wirksame Kooperation.<\/p>\n<p>Das Projekt zielt darauf ab, diese Defizite durch pers\u00f6nlichen Austausch, wechselseitige Vernetzung sowie gemeinsame Diskussion \u00fcber Themen im beiderseitigen Interesse anzugehen. Einbezogen werden russische und deutsche Akteure aus Zivilgesellschaft, Medien, ExpertertInnen im Bereich Internet- und Informationsfreiheit, VertreterInnen von Transparenz-Initiativen sowie interessierte B\u00fcrgerInnen. Im Rahmen des bereits seit 2019 laufenden Projekts organisieren wir \u00f6ffentliche Veranstaltungen in beiden L\u00e4ndern, Fachtagungen sowie Studienreisen. Wegen der Corona-Pandemie fanden viele davon 2020 online statt. Das Projekt soll den Aufbau grenz\u00fcberschreitender Netzwerke f\u00f6rdern, die \u00fcber die Projektlaufzeit hinaus Bestand&nbsp;haben.<\/p>\n<p>Die Deutsch-Russischen Gespr\u00e4che zur digitalen Zivilgesellschaft sind ein Gemein\u00adschaftsprojekt des <a href=\"http:\/\/www.libmod.de\">Zentrums Liberale Moderne<\/a> und des <a href=\"https:\/\/www.sakharov-center.ru\/\">Moskauer Sacharow-Zen\u00adtrums<\/a>.&nbsp;Das Projekt wird vom <a href=\"https:\/\/www.auswaertiges-amt.de\/de\/\">Ausw\u00e4rtigen Amt<\/a> unterst\u00fctzt.<\/p>\n<p style=\"text-align: left;\"><img class=\"wp-image-37763 alignleft\" src=\"https:\/\/libmod.de\/wp-content\/uploads\/Logo_AA_CSC_gef.png\" alt width=\"299\" height=\"100\"> <img class=\"wp-image-37765 alignright\" src=\"https:\/\/libmod.de\/wp-content\/uploads\/Logo_Sacharow_zus.png\" alt width=\"191\" height=\"100\"><\/p>\n<p><span style=\"color: #ffffff;\">.<\/span>[\/vc_column_text][vc_separator][vc_column_text]<\/p>\n<h2 id=\"russlandundderwesten\">Internationale Russ\u00adland-Konferenz<\/h2>\n<p>Zu den Inhalten <a href=\"https:\/\/russlandverstehen.eu\/russland-und-der-westen\/\">\u201eRussland und der&nbsp;Westen\u201c<\/a><\/p>\n<p>Die Innen- und Au\u00dfen\u00adpo\u00adli\u00adtik des Kremls hat sich in den ver\u00adgan\u00adge\u00adnen Jahren immer weiter von den Werten der Demo\u00adkra\u00adtie ent\u00adfernt. Die Repres\u00adsion gegen demo\u00adkra\u00adti\u00adsche Kr\u00e4fte hat erheb\u00adlich zuge\u00adnom\u00admen. In der EU unter\u00adst\u00fctzt der Kreml gezielt anti\u00adli\u00adbe\u00adrale Kr\u00e4fte und sch\u00fcrt die poli\u00adti\u00adsche Pola\u00adri\u00adsie\u00adrung. Sys\u00adte\u00adma\u00adti\u00adsche Pro\u00adpa\u00adganda und die Beein\u00adflus\u00adsung von Wahlen und Refe\u00adren\u00adden im Westen zielen darauf ab, Ver\u00adtrauen in demo\u00adkra\u00adti\u00adsche Pro\u00adzesse und Insti\u00adtu\u00adtio\u00adnen zu besch\u00e4\u00addi\u00adgen. Auf inter\u00adna\u00adtio\u00adna\u00adler Ebene ersetzt der Kreml v\u00f6l\u00adker\u00adrecht\u00adli\u00adche Regeln durch eine Politik des St\u00e4r\u00adke\u00adren. Die mili\u00adt\u00e4\u00adri\u00adsche Inter\u00adven\u00adtion in der Ukraine und die Anne\u00adxion der Krim sind ein Bruch der euro\u00adp\u00e4i\u00adschen Frie\u00addens\u00adord\u00adnung. Das Zentrum Libe\u00adrale Moderne will zu einer rea\u00adlis\u00adti\u00adschen Russ\u00adland-Politik bei\u00adtra\u00adgen und f\u00f6rdert zugleich den Aus\u00adtausch mit der rus\u00adsi\u00adschen Zivilgesellschaft.<\/p>\n<p>Seit 2018 beleuchten wir auf einer j\u00e4hrlichen Expertenkonferenz die Optionen f\u00fcr die westliche Russland-Politik. <a href=\"https:\/\/russlandverstehen.eu\/russlandkonferenz-2020-diskussion\/\">Die Konferenz von 2020<\/a> stand sie ganz im Zeichen der Vergiftung von Alexei Nawalny und der Proteste in Belarus. Im Jahr 2019 <a href=\"https:\/\/russlandverstehen.eu\/russlandkonferenz-2019\/\">gingen wir der Frage nach<\/a>, ob eine \u201eneue Ost\u00adpo\u00adli\u00adtik\u201c die R\u00fcck\u00adkehr zu einem System gemein\u00adsa\u00admer Sicher\u00adheit und Zusam\u00admen\u00adar\u00adbeit in Europa bef\u00f6r\u00addern kann. Zum Auftakt 2018 ging es um das \u201e<a href=\"https:\/\/russlandverstehen.eu\/russlandkonferenz-2018\/\">System Putin<\/a>\u201c.[\/vc_column_text][vc_separator][vc_column_text]<\/p>\n<h2>Juri-Schmidt-Konferenz<\/h2>\n<p>Zu den Inhalten <a href=\"https:\/\/russlandverstehen.eu\/menschenrechte-in-russland\/\">\u201eMenschenrechte in&nbsp;Russland\u201c<\/a><\/p>\n<p>Seit 2018 organisieren das Zentrum Liberale Moderne und das Menschenrechtsprojekt von Open Russia eine nach dem bekannten russischen Rechtsanwalt Juri Schmidt benannte Konferenz. Auf dem j\u00e4hrlichen Treffen diskutieren Teilnehmer aus Russland und Deutschland \u00fcber neue Strategien f\u00fcr die Menschrechtsbewegung. Die <a href=\"https:\/\/russlandverstehen.eu\/juri-schmidt-konferenz-2018\/\">Konferenz von 2018<\/a> endete mit einem <a href=\"https:\/\/libmod.de\/resolution-menschenrechte-ohne-grenzen\/\">beeindruckenden Erkl\u00e4rung<\/a> zur Lage der Menschenrechte in Russland. 2020 fand die Konferenz wegen der Corona-Pandemie nicht statt; wir streben an, sie 2021 wieder auf\u00adzu\u00adle\u00adgen.[\/vc_column_text][\/vc_column][vc_column width=\u201e1\/3\u201c el_class=\u201edimmer\u201c][vc_row_inner css=\u201c.vc_custom_1508164629489{margin-top: 30px !important;margin-right: 0px !important;margin-left: 0px !important;background-color: #03d0b6 !important;}\u201c][vc_column_inner][\/vc_column_inner][\/vc_row_inner][\/vc_column][\/vc_row]<\/p>\n<\/div>","protected":false},"excerpt":{"rendered":"<p>[vc_\u200b\u200brow css=\u201c.vc_custom_1508251598805{margin-top: 30px !important;}\u201c][vc_column width=\u201e2\/3\u201c css=\u201c.vc_custom_1508252250311{padding-right: 20px !important;}\u201c][vc_column_text] Deutsch-Rus\u00ad\u00adsi\u00ad\u00adsche-Gespr\u00e4\u00adche zur digi\u00adta\u00adlen Zivilgesellschaft Zu den Projektinhalten Die russische Regierung versucht Zugriff auf die letzten Freiheitsinseln im Internet zu bekommen. Mit&nbsp;dem...<\/p>\n","protected":false},"author":1,"featured_media":43103,"parent":41081,"menu_order":3,"comment_status":"closed","ping_status":"closed","template":"","meta":{"_acf_changed":false,"wp_typography_post_enhancements_disabled":false,"footnotes":""},"class_list":["post-40452","page","type-page","status-publish","has-post-thumbnail"],"acf":[],"yoast_head":"<!-- This site is optimized with the Yoast SEO Premium plugin v25.0 (Yoast SEO v27.3) - https:\/\/yoast.com\/product\/yoast-seo-premium-wordpress\/ -->\n<title>\u041d\u0430\u0448\u0438 \u043f\u0440\u043e\u0435\u043a\u0442\u044b - Russland verstehen<\/title>\n<meta name=\"robots\" content=\"index, follow, max-snippet:-1, max-image-preview:large, max-video-preview:-1\" \/>\n<link rel=\"canonical\" href=\"https:\/\/russlandverstehen.eu\/ru\/\u043e-\u043d\u0430\u0441\/\u043d\u0430\u0448\u0438-\u043f\u0440\u043e\u0435\u043a\u0442\u044b\/\" \/>\n<meta property=\"og:locale\" content=\"ru_RU\" \/>\n<meta property=\"og:type\" content=\"article\" \/>\n<meta property=\"og:title\" content=\"\u041d\u0430\u0448\u0438 \u043f\u0440\u043e\u0435\u043a\u0442\u044b\" \/>\n<meta property=\"og:description\" content=\"[vc_\u200brow css=\u201c.vc_custom_1508251598805{margin-top: 30px !important;}\u201c][vc_column width=\u201e2\/3\u201c css=\u201c.vc_custom_1508252250311{padding-right: 20px !important;}\u201c][vc_column_text] Deutsch-Rus\u00ad\u00adsi\u00ad\u00adsche-Gespr\u00e4\u00adche zur digi\u00adta\u00adlen Zivilgesellschaft Zu den Projektinhalten Die russische Regierung versucht Zugriff auf die letzten Freiheitsinseln im Internet zu bekommen. Mit dem...\" \/>\n<meta property=\"og:url\" content=\"https:\/\/russlandverstehen.eu\/ru\/\u043e-\u043d\u0430\u0441\/\u043d\u0430\u0448\u0438-\u043f\u0440\u043e\u0435\u043a\u0442\u044b\/\" \/>\n<meta property=\"og:site_name\" content=\"Russland verstehen\" \/>\n<meta property=\"article:publisher\" content=\"https:\/\/www.facebook.com\/LiberaleModerne\/\" \/>\n<meta property=\"article:modified_time\" content=\"2021-09-22T23:20:10+00:00\" \/>\n<meta property=\"og:image\" content=\"https:\/\/russlandverstehen.eu\/wp-content\/uploads\/Ruw_35.jpg\" \/>\n\t<meta property=\"og:image:width\" content=\"1200\" \/>\n\t<meta property=\"og:image:height\" content=\"800\" \/>\n\t<meta property=\"og:image:type\" content=\"image\/jpeg\" \/>\n<meta name=\"twitter:card\" content=\"summary_large_image\" \/>\n<meta name=\"twitter:site\" content=\"@liberalemoderne\" \/>\n<meta name=\"twitter:label1\" content=\"\u041f\u0440\u0438\u043c\u0435\u0440\u043d\u043e\u0435 \u0432\u0440\u0435\u043c\u044f \u0434\u043b\u044f \u0447\u0442\u0435\u043d\u0438\u044f\" \/>\n\t<meta name=\"twitter:data1\" content=\"6 \u043c\u0438\u043d\u0443\u0442\" \/>\n<script type=\"application\/ld+json\" class=\"yoast-schema-graph\">{\"@context\":\"https:\\\/\\\/schema.org\",\"@graph\":[{\"@type\":\"WebPage\",\"@id\":\"https:\\\/\\\/russlandverstehen.eu\\\/ru\\\/%d0%be-%d0%bd%d0%b0%d1%81\\\/%d0%bd%d0%b0%d1%88%d0%b8-%d0%bf%d1%80%d0%be%d0%b5%d0%ba%d1%82%d1%8b\\\/\",\"url\":\"https:\\\/\\\/russlandverstehen.eu\\\/ru\\\/%d0%be-%d0%bd%d0%b0%d1%81\\\/%d0%bd%d0%b0%d1%88%d0%b8-%d0%bf%d1%80%d0%be%d0%b5%d0%ba%d1%82%d1%8b\\\/\",\"name\":\"\u041d\u0430\u0448\u0438 \u043f\u0440\u043e\u0435\u043a\u0442\u044b - Russland verstehen\",\"isPartOf\":{\"@id\":\"\\\/#website\"},\"primaryImageOfPage\":{\"@id\":\"https:\\\/\\\/russlandverstehen.eu\\\/ru\\\/%d0%be-%d0%bd%d0%b0%d1%81\\\/%d0%bd%d0%b0%d1%88%d0%b8-%d0%bf%d1%80%d0%be%d0%b5%d0%ba%d1%82%d1%8b\\\/#primaryimage\"},\"image\":{\"@id\":\"https:\\\/\\\/russlandverstehen.eu\\\/ru\\\/%d0%be-%d0%bd%d0%b0%d1%81\\\/%d0%bd%d0%b0%d1%88%d0%b8-%d0%bf%d1%80%d0%be%d0%b5%d0%ba%d1%82%d1%8b\\\/#primaryimage\"},\"thumbnailUrl\":\"https:\\\/\\\/russlandverstehen.eu\\\/wp-content\\\/uploads\\\/Ruw_35.jpg\",\"datePublished\":\"2021-03-19T13:37:41+00:00\",\"dateModified\":\"2021-09-22T23:20:10+00:00\",\"breadcrumb\":{\"@id\":\"https:\\\/\\\/russlandverstehen.eu\\\/ru\\\/%d0%be-%d0%bd%d0%b0%d1%81\\\/%d0%bd%d0%b0%d1%88%d0%b8-%d0%bf%d1%80%d0%be%d0%b5%d0%ba%d1%82%d1%8b\\\/#breadcrumb\"},\"inLanguage\":\"ru-RU\",\"potentialAction\":[{\"@type\":\"ReadAction\",\"target\":[\"https:\\\/\\\/russlandverstehen.eu\\\/ru\\\/%d0%be-%d0%bd%d0%b0%d1%81\\\/%d0%bd%d0%b0%d1%88%d0%b8-%d0%bf%d1%80%d0%be%d0%b5%d0%ba%d1%82%d1%8b\\\/\"]}]},{\"@type\":\"ImageObject\",\"inLanguage\":\"ru-RU\",\"@id\":\"https:\\\/\\\/russlandverstehen.eu\\\/ru\\\/%d0%be-%d0%bd%d0%b0%d1%81\\\/%d0%bd%d0%b0%d1%88%d0%b8-%d0%bf%d1%80%d0%be%d0%b5%d0%ba%d1%82%d1%8b\\\/#primaryimage\",\"url\":\"https:\\\/\\\/russlandverstehen.eu\\\/wp-content\\\/uploads\\\/Ruw_35.jpg\",\"contentUrl\":\"https:\\\/\\\/russlandverstehen.eu\\\/wp-content\\\/uploads\\\/Ruw_35.jpg\",\"width\":1200,\"height\":800,\"caption\":\"Foto: Lisa Vlasenko\"},{\"@type\":\"BreadcrumbList\",\"@id\":\"https:\\\/\\\/russlandverstehen.eu\\\/ru\\\/%d0%be-%d0%bd%d0%b0%d1%81\\\/%d0%bd%d0%b0%d1%88%d0%b8-%d0%bf%d1%80%d0%be%d0%b5%d0%ba%d1%82%d1%8b\\\/#breadcrumb\",\"itemListElement\":[{\"@type\":\"ListItem\",\"position\":1,\"name\":\"Startseite\",\"item\":\"https:\\\/\\\/russlandverstehen.eu\\\/ru\\\/\"},{\"@type\":\"ListItem\",\"position\":2,\"name\":\"\u041e \u043d\u0430\u0441\",\"item\":\"https:\\\/\\\/russlandverstehen.eu\\\/ru\\\/%d0%be-%d0%bd%d0%b0%d1%81\\\/\"},{\"@type\":\"ListItem\",\"position\":3,\"name\":\"\u041d\u0430\u0448\u0438 \u043f\u0440\u043e\u0435\u043a\u0442\u044b\"}]},{\"@type\":\"WebSite\",\"@id\":\"\\\/#website\",\"url\":\"\\\/\",\"name\":\"Russland verstehen\",\"description\":\"Zentrum Liberale Moderne\",\"publisher\":{\"@id\":\"\\\/#organization\"},\"potentialAction\":[{\"@type\":\"SearchAction\",\"target\":{\"@type\":\"EntryPoint\",\"urlTemplate\":\"\\\/?s={search_term_string}\"},\"query-input\":{\"@type\":\"PropertyValueSpecification\",\"valueRequired\":true,\"valueName\":\"search_term_string\"}}],\"inLanguage\":\"ru-RU\"},{\"@type\":\"Organization\",\"@id\":\"\\\/#organization\",\"name\":\"Russland verstehen\",\"url\":\"\\\/\",\"logo\":{\"@type\":\"ImageObject\",\"inLanguage\":\"ru-RU\",\"@id\":\"\\\/#\\\/schema\\\/logo\\\/image\\\/\",\"url\":\"\",\"contentUrl\":\"\",\"caption\":\"Russland verstehen\"},\"image\":{\"@id\":\"\\\/#\\\/schema\\\/logo\\\/image\\\/\"},\"sameAs\":[\"https:\\\/\\\/www.facebook.com\\\/LiberaleModerne\\\/\",\"https:\\\/\\\/x.com\\\/liberalemoderne\"]}]}<\/script>\n<!-- \/ Yoast SEO Premium plugin. -->","yoast_head_json":{"title":"\u041d\u0430\u0448\u0438 \u043f\u0440\u043e\u0435\u043a\u0442\u044b - Russland verstehen","robots":{"index":"index","follow":"follow","max-snippet":"max-snippet:-1","max-image-preview":"max-image-preview:large","max-video-preview":"max-video-preview:-1"},"canonical":"https:\/\/russlandverstehen.eu\/ru\/\u043e-\u043d\u0430\u0441\/\u043d\u0430\u0448\u0438-\u043f\u0440\u043e\u0435\u043a\u0442\u044b\/","og_locale":"ru_RU","og_type":"article","og_title":"\u041d\u0430\u0448\u0438 \u043f\u0440\u043e\u0435\u043a\u0442\u044b","og_description":"[vc_\u200brow css=\u201c.vc_custom_1508251598805{margin-top: 30px !important;}\u201c][vc_column width=\u201e2\/3\u201c css=\u201c.vc_custom_1508252250311{padding-right: 20px !important;}\u201c][vc_column_text] Deutsch-Rus\u00ad\u00adsi\u00ad\u00adsche-Gespr\u00e4\u00adche zur digi\u00adta\u00adlen Zivilgesellschaft Zu den Projektinhalten Die russische Regierung versucht Zugriff auf die letzten Freiheitsinseln im Internet zu bekommen. Mit dem...","og_url":"https:\/\/russlandverstehen.eu\/ru\/\u043e-\u043d\u0430\u0441\/\u043d\u0430\u0448\u0438-\u043f\u0440\u043e\u0435\u043a\u0442\u044b\/","og_site_name":"Russland verstehen","article_publisher":"https:\/\/www.facebook.com\/LiberaleModerne\/","article_modified_time":"2021-09-22T23:20:10+00:00","og_image":[{"width":1200,"height":800,"url":"https:\/\/russlandverstehen.eu\/wp-content\/uploads\/Ruw_35.jpg","type":"image\/jpeg"}],"twitter_card":"summary_large_image","twitter_site":"@liberalemoderne","twitter_misc":{"\u041f\u0440\u0438\u043c\u0435\u0440\u043d\u043e\u0435 \u0432\u0440\u0435\u043c\u044f \u0434\u043b\u044f \u0447\u0442\u0435\u043d\u0438\u044f":"6 \u043c\u0438\u043d\u0443\u0442"},"schema":{"@context":"https:\/\/schema.org","@graph":[{"@type":"WebPage","@id":"https:\/\/russlandverstehen.eu\/ru\/%d0%be-%d0%bd%d0%b0%d1%81\/%d0%bd%d0%b0%d1%88%d0%b8-%d0%bf%d1%80%d0%be%d0%b5%d0%ba%d1%82%d1%8b\/","url":"https:\/\/russlandverstehen.eu\/ru\/%d0%be-%d0%bd%d0%b0%d1%81\/%d0%bd%d0%b0%d1%88%d0%b8-%d0%bf%d1%80%d0%be%d0%b5%d0%ba%d1%82%d1%8b\/","name":"\u041d\u0430\u0448\u0438 \u043f\u0440\u043e\u0435\u043a\u0442\u044b - Russland verstehen","isPartOf":{"@id":"\/#website"},"primaryImageOfPage":{"@id":"https:\/\/russlandverstehen.eu\/ru\/%d0%be-%d0%bd%d0%b0%d1%81\/%d0%bd%d0%b0%d1%88%d0%b8-%d0%bf%d1%80%d0%be%d0%b5%d0%ba%d1%82%d1%8b\/#primaryimage"},"image":{"@id":"https:\/\/russlandverstehen.eu\/ru\/%d0%be-%d0%bd%d0%b0%d1%81\/%d0%bd%d0%b0%d1%88%d0%b8-%d0%bf%d1%80%d0%be%d0%b5%d0%ba%d1%82%d1%8b\/#primaryimage"},"thumbnailUrl":"https:\/\/russlandverstehen.eu\/wp-content\/uploads\/Ruw_35.jpg","datePublished":"2021-03-19T13:37:41+00:00","dateModified":"2021-09-22T23:20:10+00:00","breadcrumb":{"@id":"https:\/\/russlandverstehen.eu\/ru\/%d0%be-%d0%bd%d0%b0%d1%81\/%d0%bd%d0%b0%d1%88%d0%b8-%d0%bf%d1%80%d0%be%d0%b5%d0%ba%d1%82%d1%8b\/#breadcrumb"},"inLanguage":"ru-RU","potentialAction":[{"@type":"ReadAction","target":["https:\/\/russlandverstehen.eu\/ru\/%d0%be-%d0%bd%d0%b0%d1%81\/%d0%bd%d0%b0%d1%88%d0%b8-%d0%bf%d1%80%d0%be%d0%b5%d0%ba%d1%82%d1%8b\/"]}]},{"@type":"ImageObject","inLanguage":"ru-RU","@id":"https:\/\/russlandverstehen.eu\/ru\/%d0%be-%d0%bd%d0%b0%d1%81\/%d0%bd%d0%b0%d1%88%d0%b8-%d0%bf%d1%80%d0%be%d0%b5%d0%ba%d1%82%d1%8b\/#primaryimage","url":"https:\/\/russlandverstehen.eu\/wp-content\/uploads\/Ruw_35.jpg","contentUrl":"https:\/\/russlandverstehen.eu\/wp-content\/uploads\/Ruw_35.jpg","width":1200,"height":800,"caption":"Foto: Lisa Vlasenko"},{"@type":"BreadcrumbList","@id":"https:\/\/russlandverstehen.eu\/ru\/%d0%be-%d0%bd%d0%b0%d1%81\/%d0%bd%d0%b0%d1%88%d0%b8-%d0%bf%d1%80%d0%be%d0%b5%d0%ba%d1%82%d1%8b\/#breadcrumb","itemListElement":[{"@type":"ListItem","position":1,"name":"Startseite","item":"https:\/\/russlandverstehen.eu\/ru\/"},{"@type":"ListItem","position":2,"name":"\u041e \u043d\u0430\u0441","item":"https:\/\/russlandverstehen.eu\/ru\/%d0%be-%d0%bd%d0%b0%d1%81\/"},{"@type":"ListItem","position":3,"name":"\u041d\u0430\u0448\u0438 \u043f\u0440\u043e\u0435\u043a\u0442\u044b"}]},{"@type":"WebSite","@id":"\/#website","url":"\/","name":"Russland verstehen","description":"Zentrum Liberale Moderne","publisher":{"@id":"\/#organization"},"potentialAction":[{"@type":"SearchAction","target":{"@type":"EntryPoint","urlTemplate":"\/?s={search_term_string}"},"query-input":{"@type":"PropertyValueSpecification","valueRequired":true,"valueName":"search_term_string"}}],"inLanguage":"ru-RU"},{"@type":"Organization","@id":"\/#organization","name":"Russland verstehen","url":"\/","logo":{"@type":"ImageObject","inLanguage":"ru-RU","@id":"\/#\/schema\/logo\/image\/","url":"","contentUrl":"","caption":"Russland verstehen"},"image":{"@id":"\/#\/schema\/logo\/image\/"},"sameAs":["https:\/\/www.facebook.com\/LiberaleModerne\/","https:\/\/x.com\/liberalemoderne"]}]}},"_links":{"self":[{"href":"https:\/\/russlandverstehen.eu\/ru\/wp-json\/wp\/v2\/pages\/40452","targetHints":{"allow":["GET"]}}],"collection":[{"href":"https:\/\/russlandverstehen.eu\/ru\/wp-json\/wp\/v2\/pages"}],"about":[{"href":"https:\/\/russlandverstehen.eu\/ru\/wp-json\/wp\/v2\/types\/page"}],"author":[{"embeddable":true,"href":"https:\/\/russlandverstehen.eu\/ru\/wp-json\/wp\/v2\/users\/1"}],"replies":[{"embeddable":true,"href":"https:\/\/russlandverstehen.eu\/ru\/wp-json\/wp\/v2\/comments?post=40452"}],"version-history":[{"count":1,"href":"https:\/\/russlandverstehen.eu\/ru\/wp-json\/wp\/v2\/pages\/40452\/revisions"}],"predecessor-version":[{"id":40453,"href":"https:\/\/russlandverstehen.eu\/ru\/wp-json\/wp\/v2\/pages\/40452\/revisions\/40453"}],"up":[{"embeddable":true,"href":"https:\/\/russlandverstehen.eu\/ru\/wp-json\/wp\/v2\/pages\/41081"}],"wp:featuredmedia":[{"embeddable":true,"href":"https:\/\/russlandverstehen.eu\/ru\/wp-json\/wp\/v2\/media\/43103"}],"wp:attachment":[{"href":"https:\/\/russlandverstehen.eu\/ru\/wp-json\/wp\/v2\/media?parent=40452"}],"curies":[{"name":"wp","href":"https:\/\/api.w.org\/{rel}","templated":true}]}}